{"id":832,"date":"2023-11-17T20:02:56","date_gmt":"2023-11-17T20:02:56","guid":{"rendered":"https:\/\/silminiberica.com\/?page_id=832"},"modified":"2026-02-26T09:44:48","modified_gmt":"2026-02-26T09:44:48","slug":"arenas-para-filtracion-y-tratamiento-de-agua","status":"publish","type":"page","link":"https:\/\/www.silminiberica.com\/en\/arenas-para-filtracion-y-tratamiento-de-agua\/","title":{"rendered":"Siliceous sands and gravels for water filtration and treatment"},"content":{"rendered":"<div data-elementor-type=\"wp-page\" data-elementor-id=\"832\" class=\"elementor elementor-832\" data-elementor-post-type=\"page\">\n\t\t\t\t\t\t<section class=\"elementor-section elementor-top-section elementor-element elementor-element-43a3b884 elementor-section-boxed elementor-section-height-default elementor-section-height-default\" data-id=\"43a3b884\" data-element_type=\"section\" data-e-type=\"section\" data-settings=\"{&quot;background_background&quot;:&quot;classic&quot;}\">\n\t\t\t\t\t\t\t<div class=\"elementor-background-overlay\"><\/div>\n\t\t\t\t\t\t\t<div class=\"elementor-container elementor-column-gap-default\">\n\t\t\t\t\t<div class=\"elementor-column elementor-col-50 elementor-top-column elementor-element elementor-element-72cbbcc5\" data-id=\"72cbbcc5\" data-element_type=\"column\" data-e-type=\"column\">\n\t\t\t<div class=\"elementor-widget-wrap elementor-element-populated\">\n\t\t\t\t\t\t<div class=\"elementor-element elementor-element-5db8685f elementor-icon-list--layout-inline elementor-align-start elementor-list-item-link-full_width elementor-widget elementor-widget-icon-list\" data-id=\"5db8685f\" data-element_type=\"widget\" data-e-type=\"widget\" data-widget_type=\"icon-list.default\">\n\t\t\t\t<div class=\"elementor-widget-container\">\n\t\t\t\t\t\t\t<ul class=\"elementor-icon-list-items elementor-inline-items\">\n\t\t\t\t\t\t\t<li class=\"elementor-icon-list-item elementor-inline-item\">\n\t\t\t\t\t\t\t\t\t\t<span class=\"elementor-icon-list-text\">Products<\/span>\n\t\t\t\t\t\t\t\t\t<\/li>\n\t\t\t\t\t\t\t\t<li class=\"elementor-icon-list-item elementor-inline-item\">\n\t\t\t\t\t\t\t\t\t\t\t<span class=\"elementor-icon-list-icon\">\n\t\t\t\t\t\t\t<i aria-hidden=\"true\" class=\"icon icon-chevron-right\"><\/i>\t\t\t\t\t\t<\/span>\n\t\t\t\t\t\t\t\t\t\t<span class=\"elementor-icon-list-text\"><b>Siliceous sands and gravels for water filtration and treatment<\/b><\/span>\n\t\t\t\t\t\t\t\t\t<\/li>\n\t\t\t\t\t\t<\/ul>\n\t\t\t\t\t\t<\/div>\n\t\t\t\t<\/div>\n\t\t\t\t<div class=\"elementor-element elementor-element-bd24be elementor-widget elementor-widget-heading\" data-id=\"bd24be\" data-element_type=\"widget\" data-e-type=\"widget\" data-widget_type=\"heading.default\">\n\t\t\t\t<div class=\"elementor-widget-container\">\n\t\t\t\t\t<h1 class=\"elementor-heading-title elementor-size-default\">Siliceous sands and gravels for water filtration and treatment<\/h1>\t\t\t\t<\/div>\n\t\t\t\t<\/div>\n\t\t\t\t\t<\/div>\n\t\t<\/div>\n\t\t\t\t<div class=\"elementor-column elementor-col-50 elementor-top-column elementor-element elementor-element-273c65af\" data-id=\"273c65af\" data-element_type=\"column\" data-e-type=\"column\">\n\t\t\t<div class=\"elementor-widget-wrap elementor-element-populated\">\n\t\t\t\t\t\t<div class=\"elementor-element elementor-element-638cd57a elementor-widget elementor-widget-image\" data-id=\"638cd57a\" data-element_type=\"widget\" data-e-type=\"widget\" data-widget_type=\"image.default\">\n\t\t\t\t<div class=\"elementor-widget-container\">\n\t\t\t\t\t\t\t\t\t\t\t\t\t\t\t<img fetchpriority=\"high\" decoding=\"async\" width=\"500\" height=\"500\" src=\"https:\/\/www.silminiberica.com\/wp-content\/uploads\/2023\/11\/arena-gravas-filtracion-tratamiento-agua-3.jpg\" class=\"attachment-large size-large wp-image-945\" alt=\"\" srcset=\"https:\/\/www.silminiberica.com\/wp-content\/uploads\/2023\/11\/arena-gravas-filtracion-tratamiento-agua-3.jpg 500w, https:\/\/www.silminiberica.com\/wp-content\/uploads\/2023\/11\/arena-gravas-filtracion-tratamiento-agua-3-300x300.jpg 300w, https:\/\/www.silminiberica.com\/wp-content\/uploads\/2023\/11\/arena-gravas-filtracion-tratamiento-agua-3-150x150.jpg 150w\" sizes=\"(max-width: 500px) 100vw, 500px\" \/>\t\t\t\t\t\t\t\t\t\t\t\t\t\t\t<\/div>\n\t\t\t\t<\/div>\n\t\t\t\t\t<\/div>\n\t\t<\/div>\n\t\t\t\t\t<\/div>\n\t\t<\/section>\n\t\t\t\t<section class=\"elementor-section elementor-top-section elementor-element elementor-element-6e191aa0 elementor-reverse-mobile elementor-reverse-tablet elementor-section-boxed elementor-section-height-default elementor-section-height-default\" data-id=\"6e191aa0\" data-element_type=\"section\" data-e-type=\"section\">\n\t\t\t\t\t\t<div class=\"elementor-container elementor-column-gap-default\">\n\t\t\t\t\t<div class=\"elementor-column elementor-col-33 elementor-top-column elementor-element elementor-element-5a257027 elementor-invisible\" data-id=\"5a257027\" data-element_type=\"column\" data-e-type=\"column\" data-settings=\"{&quot;animation&quot;:&quot;fadeInLeft&quot;}\">\n\t\t\t<div class=\"elementor-widget-wrap elementor-element-populated\">\n\t\t\t\t\t\t<div class=\"elementor-element elementor-element-6e2b6b9 elementor-widget elementor-widget-heading\" data-id=\"6e2b6b9\" data-element_type=\"widget\" data-e-type=\"widget\" data-widget_type=\"heading.default\">\n\t\t\t\t<div class=\"elementor-widget-container\">\n\t\t\t\t\t<h3 class=\"elementor-heading-title elementor-size-default\">Products<\/h3>\t\t\t\t<\/div>\n\t\t\t\t<\/div>\n\t\t\t\t<div class=\"elementor-element elementor-element-62b034d4 elementor-align-start elementor-icon-list--layout-traditional elementor-list-item-link-full_width elementor-widget elementor-widget-icon-list\" data-id=\"62b034d4\" data-element_type=\"widget\" data-e-type=\"widget\" data-widget_type=\"icon-list.default\">\n\t\t\t\t<div class=\"elementor-widget-container\">\n\t\t\t\t\t\t\t<ul class=\"elementor-icon-list-items\">\n\t\t\t\t\t\t\t<li class=\"elementor-icon-list-item\">\n\t\t\t\t\t\t\t\t\t\t\t<a href=\"https:\/\/silminiberica.com\/index.php\/productos\/arenas-de-slice\/\">\n\n\t\t\t\t\t\t\t\t\t\t\t\t<span class=\"elementor-icon-list-icon\">\n\t\t\t\t\t\t\t<i aria-hidden=\"true\" class=\"mdi mdi-call-made\"><\/i>\t\t\t\t\t\t<\/span>\n\t\t\t\t\t\t\t\t\t\t<span class=\"elementor-icon-list-text\">silica sand<\/span>\n\t\t\t\t\t\t\t\t\t\t\t<\/a>\n\t\t\t\t\t\t\t\t\t<\/li>\n\t\t\t\t\t\t<\/ul>\n\t\t\t\t\t\t<\/div>\n\t\t\t\t<\/div>\n\t\t\t\t<div class=\"elementor-element elementor-element-41c8de91 elementor-align-start elementor-icon-list--layout-traditional elementor-list-item-link-full_width elementor-widget elementor-widget-icon-list\" data-id=\"41c8de91\" data-element_type=\"widget\" data-e-type=\"widget\" data-widget_type=\"icon-list.default\">\n\t\t\t\t<div class=\"elementor-widget-container\">\n\t\t\t\t\t\t\t<ul class=\"elementor-icon-list-items\">\n\t\t\t\t\t\t\t<li class=\"elementor-icon-list-item\">\n\t\t\t\t\t\t\t\t\t\t\t<a href=\"https:\/\/silminiberica.com\/index.php\/productos\/gravas-siliceas-calibradas\/\">\n\n\t\t\t\t\t\t\t\t\t\t\t\t<span class=\"elementor-icon-list-icon\">\n\t\t\t\t\t\t\t<i aria-hidden=\"true\" class=\"mdi mdi-call-made\"><\/i>\t\t\t\t\t\t<\/span>\n\t\t\t\t\t\t\t\t\t\t<span class=\"elementor-icon-list-text\">Calibrated silica gravel<\/span>\n\t\t\t\t\t\t\t\t\t\t\t<\/a>\n\t\t\t\t\t\t\t\t\t<\/li>\n\t\t\t\t\t\t<\/ul>\n\t\t\t\t\t\t<\/div>\n\t\t\t\t<\/div>\n\t\t\t\t<div class=\"elementor-element elementor-element-77bdbb1c elementor-align-start elementor-icon-list--layout-traditional elementor-list-item-link-full_width elementor-widget elementor-widget-icon-list\" data-id=\"77bdbb1c\" data-element_type=\"widget\" data-e-type=\"widget\" data-widget_type=\"icon-list.default\">\n\t\t\t\t<div class=\"elementor-widget-container\">\n\t\t\t\t\t\t\t<ul class=\"elementor-icon-list-items\">\n\t\t\t\t\t\t\t<li class=\"elementor-icon-list-item\">\n\t\t\t\t\t\t\t\t\t\t\t<a href=\"https:\/\/silminiberica.com\/index.php\/productos\/cuarzo-micronizado\/\">\n\n\t\t\t\t\t\t\t\t\t\t\t\t<span class=\"elementor-icon-list-icon\">\n\t\t\t\t\t\t\t<i aria-hidden=\"true\" class=\"mdi mdi-call-made\"><\/i>\t\t\t\t\t\t<\/span>\n\t\t\t\t\t\t\t\t\t\t<span class=\"elementor-icon-list-text\">Micronized quartz<\/span>\n\t\t\t\t\t\t\t\t\t\t\t<\/a>\n\t\t\t\t\t\t\t\t\t<\/li>\n\t\t\t\t\t\t<\/ul>\n\t\t\t\t\t\t<\/div>\n\t\t\t\t<\/div>\n\t\t\t\t<div class=\"elementor-element elementor-element-2a526521 elementor-align-start elementor-icon-list--layout-traditional elementor-list-item-link-full_width elementor-widget elementor-widget-icon-list\" data-id=\"2a526521\" data-element_type=\"widget\" data-e-type=\"widget\" data-widget_type=\"icon-list.default\">\n\t\t\t\t<div class=\"elementor-widget-container\">\n\t\t\t\t\t\t\t<ul class=\"elementor-icon-list-items\">\n\t\t\t\t\t\t\t<li class=\"elementor-icon-list-item\">\n\t\t\t\t\t\t\t\t\t\t\t<a href=\"https:\/\/silminiberica.com\/index.php\/productos\/tierras-raras-lantanidos\/\">\n\n\t\t\t\t\t\t\t\t\t\t\t\t<span class=\"elementor-icon-list-icon\">\n\t\t\t\t\t\t\t<i aria-hidden=\"true\" class=\"mdi mdi-call-made\"><\/i>\t\t\t\t\t\t<\/span>\n\t\t\t\t\t\t\t\t\t\t<span class=\"elementor-icon-list-text\">Rare earths - Lanthanides<\/span>\n\t\t\t\t\t\t\t\t\t\t\t<\/a>\n\t\t\t\t\t\t\t\t\t<\/li>\n\t\t\t\t\t\t<\/ul>\n\t\t\t\t\t\t<\/div>\n\t\t\t\t<\/div>\n\t\t\t\t<div class=\"elementor-element elementor-element-365a9456 elementor-align-start elementor-icon-list--layout-traditional elementor-list-item-link-full_width elementor-widget elementor-widget-icon-list\" data-id=\"365a9456\" data-element_type=\"widget\" data-e-type=\"widget\" data-widget_type=\"icon-list.default\">\n\t\t\t\t<div class=\"elementor-widget-container\">\n\t\t\t\t\t\t\t<ul class=\"elementor-icon-list-items\">\n\t\t\t\t\t\t\t<li class=\"elementor-icon-list-item\">\n\t\t\t\t\t\t\t\t\t\t\t<a href=\"https:\/\/silminiberica.com\/index.php\/productos\/carbonato-calcico-agricola-aplicacion-foliar\/\">\n\n\t\t\t\t\t\t\t\t\t\t\t\t<span class=\"elementor-icon-list-icon\">\n\t\t\t\t\t\t\t<i aria-hidden=\"true\" class=\"mdi mdi-call-made\"><\/i>\t\t\t\t\t\t<\/span>\n\t\t\t\t\t\t\t\t\t\t<span class=\"elementor-icon-list-text\">Micronized calcium carbonate agriculture<\/span>\n\t\t\t\t\t\t\t\t\t\t\t<\/a>\n\t\t\t\t\t\t\t\t\t<\/li>\n\t\t\t\t\t\t<\/ul>\n\t\t\t\t\t\t<\/div>\n\t\t\t\t<\/div>\n\t\t\t\t<div class=\"elementor-element elementor-element-5c701ea9 elementor-align-start elementor-icon-list--layout-traditional elementor-list-item-link-full_width elementor-widget elementor-widget-icon-list\" data-id=\"5c701ea9\" data-element_type=\"widget\" data-e-type=\"widget\" data-widget_type=\"icon-list.default\">\n\t\t\t\t<div class=\"elementor-widget-container\">\n\t\t\t\t\t\t\t<ul class=\"elementor-icon-list-items\">\n\t\t\t\t\t\t\t<li class=\"elementor-icon-list-item\">\n\t\t\t\t\t\t\t\t\t\t\t<a href=\"https:\/\/silminiberica.com\/index.php\/minerales\/vidrio-granular-y-polvo-de-vidrio\/\">\n\n\t\t\t\t\t\t\t\t\t\t\t\t<span class=\"elementor-icon-list-icon\">\n\t\t\t\t\t\t\t<i aria-hidden=\"true\" class=\"mdi mdi-call-made\"><\/i>\t\t\t\t\t\t<\/span>\n\t\t\t\t\t\t\t\t\t\t<span class=\"elementor-icon-list-text\">Granular glass and glass powder<\/span>\n\t\t\t\t\t\t\t\t\t\t\t<\/a>\n\t\t\t\t\t\t\t\t\t<\/li>\n\t\t\t\t\t\t<\/ul>\n\t\t\t\t\t\t<\/div>\n\t\t\t\t<\/div>\n\t\t\t\t\t<\/div>\n\t\t<\/div>\n\t\t\t\t<div class=\"elementor-column elementor-col-66 elementor-top-column elementor-element elementor-element-207c4d82 elementor-invisible\" data-id=\"207c4d82\" data-element_type=\"column\" data-e-type=\"column\" data-settings=\"{&quot;background_background&quot;:&quot;classic&quot;,&quot;animation&quot;:&quot;fadeInRight&quot;}\">\n\t\t\t<div class=\"elementor-widget-wrap elementor-element-populated\">\n\t\t\t\t\t\t<div class=\"elementor-element elementor-element-1d66072b elementor-widget elementor-widget-heading\" data-id=\"1d66072b\" data-element_type=\"widget\" data-e-type=\"widget\" data-widget_type=\"heading.default\">\n\t\t\t\t<div class=\"elementor-widget-container\">\n\t\t\t\t\t<p class=\"elementor-heading-title elementor-size-default\">Siliceous sands and gravels for water filtration and treatment<\/p>\t\t\t\t<\/div>\n\t\t\t\t<\/div>\n\t\t\t\t<div class=\"elementor-element elementor-element-b220af9 elementor-widget elementor-widget-text-editor\" data-id=\"b220af9\" data-element_type=\"widget\" data-e-type=\"widget\" data-widget_type=\"text-editor.default\">\n\t\t\t\t<div class=\"elementor-widget-container\">\n\t\t\t\t\t\t\t\t\t<p>Silmin Ib\u00e9rica distribuye y comercializa arenas y gravas de s\u00edlice calibradas\u00a0que se utilizan para tratamientos de agua, sistemas de filtraci\u00f3n e industrias\u00a0afines.<\/p><p>La dureza y pureza de nuestras arenas y gravas las hacen elementos filtrantes de primer orden. Lavados y privados de caliza, nuestros productos est\u00e1n dentro de la normativa exigida, siendo utilizados por los profesionales del saneamiento y de la filtraci\u00f3n:<\/p><p><strong>Lecho filtrante sil\u00edceo <br \/>Collective sanitation <br \/>purification stations<br \/>Estaciones depuradoras filtros abiertos <br \/>Drinking water stations <br \/>Piscinas individuales y colectivas <br \/>Aquarophilia<br \/>Arenas decantaci\u00f3n lastrada<\/strong><br \/>Las caracter\u00edsticas de nuestras arenas las hacen muy adecuadas para la perforaci\u00f3n individual y colectiva, as\u00ed como para el fraccionamiento hidr\u00e1ulico. Debido a su alto contenido en Sio2, su dureza y el ph neutro, dan una excelente resistencia a los \u00e1cidos.\u00a0La diversidad granulom\u00e9trica las hace muy \u00fatiles en la implantaci\u00f3n de soportes de pre-filtraci\u00f3n y filtraci\u00f3n. microarenas para filtraci\u00f3n, arenas y gravas calibradas: 0\/02, 04\/08, 1\/2, 2\/3, 3\/5, 5\/8 etc.<\/p><p><strong>Certificamos de cumplimiento de la norma UNE\/EN 12904 ( Productos Qu\u00edmicos utilizados en el tratamiento y depuraci\u00f3n de aguas de consumo humano: arenas y gravas de s\u00edlice), de acuerdo con la orden SSI\/304\/201 (Sobre sustancias para el tratamiento del agua destinada a la producci\u00f3n de agua de consumo humano).<\/strong><\/p><p>Nuestra capacidad productiva nos permite adecuar nuestras arenas y gravas a las necesidades del cliente. Para solicitar ficha t\u00e9cnica o ampliar informaci\u00f3n sobre nuestros productos, <a href=\"https:\/\/www.silminiberica.com\/en\/contacto.html\/\" target=\"\"><strong>Contact us<\/strong><\/a><\/p>\t\t\t\t\t\t\t\t<\/div>\n\t\t\t\t<\/div>\n\t\t\t\t<div class=\"elementor-element elementor-element-67e3ec1 gallery-spacing-custom elementor-widget elementor-widget-image-gallery\" data-id=\"67e3ec1\" data-element_type=\"widget\" data-e-type=\"widget\" data-widget_type=\"image-gallery.default\">\n\t\t\t\t<div class=\"elementor-widget-container\">\n\t\t\t\t\t\t\t<div class=\"elementor-image-gallery\">\n\t\t\t<div id='gallery-1' class='gallery galleryid-832 gallery-columns-3 gallery-size-medium'><figure class='gallery-item'>\n\t\t\t<div class='gallery-icon landscape'>\n\t\t\t\t<a data-elementor-open-lightbox=\"yes\" data-elementor-lightbox-slideshow=\"67e3ec1\" data-elementor-lightbox-title=\"arena-gravas-filtracion-tratamiento-agua-2\" data-e-action-hash=\"#elementor-action%3Aaction%3Dlightbox%26settings%3DeyJpZCI6OTQ0LCJ1cmwiOiJodHRwczpcL1wvd3d3LnNpbG1pbmliZXJpY2EuY29tXC93cC1jb250ZW50XC91cGxvYWRzXC8yMDIzXC8xMVwvYXJlbmEtZ3JhdmFzLWZpbHRyYWNpb24tdHJhdGFtaWVudG8tYWd1YS0yLmpwZyIsInNsaWRlc2hvdyI6IjY3ZTNlYzEifQ%3D%3D\" href='https:\/\/www.silminiberica.com\/wp-content\/uploads\/2023\/11\/arena-gravas-filtracion-tratamiento-agua-2.jpg'><img decoding=\"async\" width=\"200\" height=\"200\" src=\"https:\/\/www.silminiberica.com\/wp-content\/uploads\/2023\/11\/arena-gravas-filtracion-tratamiento-agua-2.jpg\" class=\"attachment-medium size-medium\" alt=\"\" srcset=\"https:\/\/www.silminiberica.com\/wp-content\/uploads\/2023\/11\/arena-gravas-filtracion-tratamiento-agua-2.jpg 200w, https:\/\/www.silminiberica.com\/wp-content\/uploads\/2023\/11\/arena-gravas-filtracion-tratamiento-agua-2-150x150.jpg 150w\" sizes=\"(max-width: 200px) 100vw, 200px\" \/><\/a>\n\t\t\t<\/div><\/figure><figure class='gallery-item'>\n\t\t\t<div class='gallery-icon landscape'>\n\t\t\t\t<a data-elementor-open-lightbox=\"yes\" data-elementor-lightbox-slideshow=\"67e3ec1\" data-elementor-lightbox-title=\"arena-gravas-filtracion-tratamiento-agua-1\" data-e-action-hash=\"#elementor-action%3Aaction%3Dlightbox%26settings%3DeyJpZCI6OTQzLCJ1cmwiOiJodHRwczpcL1wvd3d3LnNpbG1pbmliZXJpY2EuY29tXC93cC1jb250ZW50XC91cGxvYWRzXC8yMDIzXC8xMVwvYXJlbmEtZ3JhdmFzLWZpbHRyYWNpb24tdHJhdGFtaWVudG8tYWd1YS0xLmpwZyIsInNsaWRlc2hvdyI6IjY3ZTNlYzEifQ%3D%3D\" href='https:\/\/www.silminiberica.com\/wp-content\/uploads\/2023\/11\/arena-gravas-filtracion-tratamiento-agua-1.jpg'><img decoding=\"async\" width=\"200\" height=\"200\" src=\"https:\/\/www.silminiberica.com\/wp-content\/uploads\/2023\/11\/arena-gravas-filtracion-tratamiento-agua-1.jpg\" class=\"attachment-medium size-medium\" alt=\"\" srcset=\"https:\/\/www.silminiberica.com\/wp-content\/uploads\/2023\/11\/arena-gravas-filtracion-tratamiento-agua-1.jpg 200w, https:\/\/www.silminiberica.com\/wp-content\/uploads\/2023\/11\/arena-gravas-filtracion-tratamiento-agua-1-150x150.jpg 150w\" sizes=\"(max-width: 200px) 100vw, 200px\" \/><\/a>\n\t\t\t<\/div><\/figure><figure class='gallery-item'>\n\t\t\t<div class='gallery-icon landscape'>\n\t\t\t\t<a data-elementor-open-lightbox=\"yes\" data-elementor-lightbox-slideshow=\"67e3ec1\" data-elementor-lightbox-title=\"arena-gravas-filtracion-tratamiento-agua-3\" data-e-action-hash=\"#elementor-action%3Aaction%3Dlightbox%26settings%3DeyJpZCI6OTQ1LCJ1cmwiOiJodHRwczpcL1wvd3d3LnNpbG1pbmliZXJpY2EuY29tXC93cC1jb250ZW50XC91cGxvYWRzXC8yMDIzXC8xMVwvYXJlbmEtZ3JhdmFzLWZpbHRyYWNpb24tdHJhdGFtaWVudG8tYWd1YS0zLmpwZyIsInNsaWRlc2hvdyI6IjY3ZTNlYzEifQ%3D%3D\" href='https:\/\/www.silminiberica.com\/wp-content\/uploads\/2023\/11\/arena-gravas-filtracion-tratamiento-agua-3.jpg'><img loading=\"lazy\" decoding=\"async\" width=\"300\" height=\"300\" src=\"https:\/\/www.silminiberica.com\/wp-content\/uploads\/2023\/11\/arena-gravas-filtracion-tratamiento-agua-3-300x300.jpg\" class=\"attachment-medium size-medium\" alt=\"\" srcset=\"https:\/\/www.silminiberica.com\/wp-content\/uploads\/2023\/11\/arena-gravas-filtracion-tratamiento-agua-3-300x300.jpg 300w, https:\/\/www.silminiberica.com\/wp-content\/uploads\/2023\/11\/arena-gravas-filtracion-tratamiento-agua-3-150x150.jpg 150w, https:\/\/www.silminiberica.com\/wp-content\/uploads\/2023\/11\/arena-gravas-filtracion-tratamiento-agua-3.jpg 500w\" sizes=\"(max-width: 300px) 100vw, 300px\" \/><\/a>\n\t\t\t<\/div><\/figure>\n\t\t<\/div>\n\t\t<\/div>\n\t\t\t\t\t\t<\/div>\n\t\t\t\t<\/div>\n\t\t\t\t\t<\/div>\n\t\t<\/div>\n\t\t\t\t\t<\/div>\n\t\t<\/section>\n\t\t\t\t<section class=\"elementor-section elementor-top-section elementor-element elementor-element-1614bb91 elementor-section-boxed elementor-section-height-default elementor-section-height-default\" data-id=\"1614bb91\" data-element_type=\"section\" data-e-type=\"section\" data-settings=\"{&quot;background_background&quot;:&quot;classic&quot;}\">\n\t\t\t\t\t\t\t<div class=\"elementor-background-overlay\"><\/div>\n\t\t\t\t\t\t\t<div class=\"elementor-container elementor-column-gap-default\">\n\t\t\t\t\t<div class=\"elementor-column elementor-col-50 elementor-top-column elementor-element elementor-element-16221c7 elementor-invisible\" data-id=\"16221c7\" data-element_type=\"column\" data-e-type=\"column\" data-settings=\"{&quot;animation&quot;:&quot;bounceInRight&quot;}\">\n\t\t\t<div class=\"elementor-widget-wrap elementor-element-populated\">\n\t\t\t\t\t\t<div class=\"elementor-element elementor-element-49bf2068 elementor-widget elementor-widget-heading\" data-id=\"49bf2068\" data-element_type=\"widget\" data-e-type=\"widget\" data-widget_type=\"heading.default\">\n\t\t\t\t<div class=\"elementor-widget-container\">\n\t\t\t\t\t<h2 class=\"elementor-heading-title elementor-size-default\">Trust Silmin Ib\u00e9rica for your industrial mineral needs<\/h2>\t\t\t\t<\/div>\n\t\t\t\t<\/div>\n\t\t\t\t<div class=\"elementor-element elementor-element-577eb0b3 elementor-widget elementor-widget-text-editor\" data-id=\"577eb0b3\" data-element_type=\"widget\" data-e-type=\"widget\" data-widget_type=\"text-editor.default\">\n\t\t\t\t<div class=\"elementor-widget-container\">\n\t\t\t\t\t\t\t\t\t<p>Whether you need micronized silica and quartz sands, micaceous iron oxide, red iron oxide, glass powder, granular glass or kaolin for organic farming, Silmin Ib\u00e9rica adapts to your needs<\/p>\t\t\t\t\t\t\t\t<\/div>\n\t\t\t\t<\/div>\n\t\t\t\t<div class=\"elementor-element elementor-element-2852f2b5 elementor-invisible elementor-widget elementor-widget-button\" data-id=\"2852f2b5\" data-element_type=\"widget\" data-e-type=\"widget\" data-settings=\"{&quot;_animation&quot;:&quot;bounceIn&quot;}\" data-widget_type=\"button.default\">\n\t\t\t\t<div class=\"elementor-widget-container\">\n\t\t\t\t\t\t\t\t\t<div class=\"elementor-button-wrapper\">\n\t\t\t\t\t<a class=\"elementor-button elementor-button-link elementor-size-lg\" href=\"https:\/\/www.silminiberica.com\/en\/contacto\/\">\n\t\t\t\t\t\t<span class=\"elementor-button-content-wrapper\">\n\t\t\t\t\t\t\t\t\t<span class=\"elementor-button-text\">Contact<\/span>\n\t\t\t\t\t<\/span>\n\t\t\t\t\t<\/a>\n\t\t\t\t<\/div>\n\t\t\t\t\t\t\t\t<\/div>\n\t\t\t\t<\/div>\n\t\t\t\t\t<\/div>\n\t\t<\/div>\n\t\t\t\t<div class=\"elementor-column elementor-col-50 elementor-top-column elementor-element elementor-element-6595089e elementor-invisible\" data-id=\"6595089e\" data-element_type=\"column\" data-e-type=\"column\" data-settings=\"{&quot;animation&quot;:&quot;bounceInRight&quot;}\">\n\t\t\t<div class=\"elementor-widget-wrap\">\n\t\t\t\t\t\t\t<\/div>\n\t\t<\/div>\n\t\t\t\t\t<\/div>\n\t\t<\/section>\n\t\t\t\t<\/div>","protected":false},"excerpt":{"rendered":"<p>Productos Productos Arenas de slice Gravas s\u00edliceas calibradas Cuarzo micronizado Tierras raras &#8211; Lantanidos Carbonato calcico micronizado agricultura Vidrio granular y polvo de vidrio Silmin Ib\u00e9rica distribuye y comercializa arenas y gravas de s\u00edlice calibradas\u00a0que se utilizan para tratamientos de agua, sistemas de filtraci\u00f3n e industrias\u00a0afines. La dureza y pureza de nuestras arenas y gravas [&hellip;]<\/p>\n","protected":false},"author":1,"featured_media":945,"parent":0,"menu_order":0,"comment_status":"closed","ping_status":"closed","template":"elementor_header_footer","meta":{"footnotes":""},"class_list":["post-832","page","type-page","status-publish","has-post-thumbnail","hentry"],"_links":{"self":[{"href":"https:\/\/www.silminiberica.com\/en\/wp-json\/wp\/v2\/pages\/832","targetHints":{"allow":["GET"]}}],"collection":[{"href":"https:\/\/www.silminiberica.com\/en\/wp-json\/wp\/v2\/pages"}],"about":[{"href":"https:\/\/www.silminiberica.com\/en\/wp-json\/wp\/v2\/types\/page"}],"author":[{"embeddable":true,"href":"https:\/\/www.silminiberica.com\/en\/wp-json\/wp\/v2\/users\/1"}],"replies":[{"embeddable":true,"href":"https:\/\/www.silminiberica.com\/en\/wp-json\/wp\/v2\/comments?post=832"}],"version-history":[{"count":10,"href":"https:\/\/www.silminiberica.com\/en\/wp-json\/wp\/v2\/pages\/832\/revisions"}],"predecessor-version":[{"id":1338,"href":"https:\/\/www.silminiberica.com\/en\/wp-json\/wp\/v2\/pages\/832\/revisions\/1338"}],"wp:featuredmedia":[{"embeddable":true,"href":"https:\/\/www.silminiberica.com\/en\/wp-json\/wp\/v2\/media\/945"}],"wp:attachment":[{"href":"https:\/\/www.silminiberica.com\/en\/wp-json\/wp\/v2\/media?parent=832"}],"curies":[{"name":"wp","href":"https:\/\/api.w.org\/{rel}","templated":true}]}}