{"id":821,"date":"2023-11-17T00:30:45","date_gmt":"2023-11-17T00:30:45","guid":{"rendered":"https:\/\/silminiberica.com\/?page_id=821"},"modified":"2023-11-17T00:37:03","modified_gmt":"2023-11-17T00:37:03","slug":"arenas-para-construcci-n","status":"publish","type":"page","link":"https:\/\/www.silminiberica.com\/en\/arenas-para-construcci-n\/","title":{"rendered":"Construction Sands"},"content":{"rendered":"<div data-elementor-type=\"wp-page\" data-elementor-id=\"821\" class=\"elementor elementor-821\" data-elementor-post-type=\"page\">\n\t\t\t\t\t\t<section class=\"elementor-section elementor-top-section elementor-element elementor-element-39d21c65 elementor-section-boxed elementor-section-height-default elementor-section-height-default\" data-id=\"39d21c65\" data-element_type=\"section\" data-e-type=\"section\" data-settings=\"{&quot;background_background&quot;:&quot;classic&quot;}\">\n\t\t\t\t\t\t\t<div class=\"elementor-background-overlay\"><\/div>\n\t\t\t\t\t\t\t<div class=\"elementor-container elementor-column-gap-default\">\n\t\t\t\t\t<div class=\"elementor-column elementor-col-50 elementor-top-column elementor-element elementor-element-4646e306\" data-id=\"4646e306\" data-element_type=\"column\" data-e-type=\"column\">\n\t\t\t<div class=\"elementor-widget-wrap elementor-element-populated\">\n\t\t\t\t\t\t<div class=\"elementor-element elementor-element-42795f3f elementor-icon-list--layout-inline elementor-align-start elementor-list-item-link-full_width elementor-widget elementor-widget-icon-list\" data-id=\"42795f3f\" data-element_type=\"widget\" data-e-type=\"widget\" data-widget_type=\"icon-list.default\">\n\t\t\t\t<div class=\"elementor-widget-container\">\n\t\t\t\t\t\t\t<ul class=\"elementor-icon-list-items elementor-inline-items\">\n\t\t\t\t\t\t\t<li class=\"elementor-icon-list-item elementor-inline-item\">\n\t\t\t\t\t\t\t\t\t\t<span class=\"elementor-icon-list-text\">Products<\/span>\n\t\t\t\t\t\t\t\t\t<\/li>\n\t\t\t\t\t\t\t\t<li class=\"elementor-icon-list-item elementor-inline-item\">\n\t\t\t\t\t\t\t\t\t\t\t<span class=\"elementor-icon-list-icon\">\n\t\t\t\t\t\t\t<i aria-hidden=\"true\" class=\"icon icon-chevron-right\"><\/i>\t\t\t\t\t\t<\/span>\n\t\t\t\t\t\t\t\t\t\t<span class=\"elementor-icon-list-text\"><b>Construction Sands<\/b><\/span>\n\t\t\t\t\t\t\t\t\t<\/li>\n\t\t\t\t\t\t<\/ul>\n\t\t\t\t\t\t<\/div>\n\t\t\t\t<\/div>\n\t\t\t\t<div class=\"elementor-element elementor-element-432b6a37 elementor-widget elementor-widget-heading\" data-id=\"432b6a37\" data-element_type=\"widget\" data-e-type=\"widget\" data-widget_type=\"heading.default\">\n\t\t\t\t<div class=\"elementor-widget-container\">\n\t\t\t\t\t<h1 class=\"elementor-heading-title elementor-size-default\">Construction Sands<\/h1>\t\t\t\t<\/div>\n\t\t\t\t<\/div>\n\t\t\t\t\t<\/div>\n\t\t<\/div>\n\t\t\t\t<div class=\"elementor-column elementor-col-50 elementor-top-column elementor-element elementor-element-123f38d\" data-id=\"123f38d\" data-element_type=\"column\" data-e-type=\"column\">\n\t\t\t<div class=\"elementor-widget-wrap elementor-element-populated\">\n\t\t\t\t\t\t<div class=\"elementor-element elementor-element-4a959e0d elementor-widget elementor-widget-image\" data-id=\"4a959e0d\" data-element_type=\"widget\" data-e-type=\"widget\" data-widget_type=\"image.default\">\n\t\t\t\t<div class=\"elementor-widget-container\">\n\t\t\t\t\t\t\t\t\t\t\t\t\t\t\t<img fetchpriority=\"high\" decoding=\"async\" width=\"500\" height=\"500\" src=\"https:\/\/www.silminiberica.com\/wp-content\/uploads\/2023\/11\/arenas-slice-construccion.jpg\" class=\"attachment-large size-large wp-image-900\" alt=\"\" srcset=\"https:\/\/www.silminiberica.com\/wp-content\/uploads\/2023\/11\/arenas-slice-construccion.jpg 500w, https:\/\/www.silminiberica.com\/wp-content\/uploads\/2023\/11\/arenas-slice-construccion-300x300.jpg 300w, https:\/\/www.silminiberica.com\/wp-content\/uploads\/2023\/11\/arenas-slice-construccion-150x150.jpg 150w\" sizes=\"(max-width: 500px) 100vw, 500px\" \/>\t\t\t\t\t\t\t\t\t\t\t\t\t\t\t<\/div>\n\t\t\t\t<\/div>\n\t\t\t\t\t<\/div>\n\t\t<\/div>\n\t\t\t\t\t<\/div>\n\t\t<\/section>\n\t\t\t\t<section class=\"elementor-section elementor-top-section elementor-element elementor-element-31272fc6 elementor-reverse-mobile elementor-reverse-tablet elementor-section-boxed elementor-section-height-default elementor-section-height-default\" data-id=\"31272fc6\" data-element_type=\"section\" data-e-type=\"section\">\n\t\t\t\t\t\t<div class=\"elementor-container elementor-column-gap-default\">\n\t\t\t\t\t<div class=\"elementor-column elementor-col-33 elementor-top-column elementor-element elementor-element-4916114c elementor-invisible\" data-id=\"4916114c\" data-element_type=\"column\" data-e-type=\"column\" data-settings=\"{&quot;animation&quot;:&quot;fadeInLeft&quot;}\">\n\t\t\t<div class=\"elementor-widget-wrap elementor-element-populated\">\n\t\t\t\t\t\t<div class=\"elementor-element elementor-element-553a601 elementor-widget elementor-widget-heading\" data-id=\"553a601\" data-element_type=\"widget\" data-e-type=\"widget\" data-widget_type=\"heading.default\">\n\t\t\t\t<div class=\"elementor-widget-container\">\n\t\t\t\t\t<h3 class=\"elementor-heading-title elementor-size-default\">Products<\/h3>\t\t\t\t<\/div>\n\t\t\t\t<\/div>\n\t\t\t\t<div class=\"elementor-element elementor-element-2d8f8712 elementor-align-start elementor-icon-list--layout-traditional elementor-list-item-link-full_width elementor-widget elementor-widget-icon-list\" data-id=\"2d8f8712\" data-element_type=\"widget\" data-e-type=\"widget\" data-widget_type=\"icon-list.default\">\n\t\t\t\t<div class=\"elementor-widget-container\">\n\t\t\t\t\t\t\t<ul class=\"elementor-icon-list-items\">\n\t\t\t\t\t\t\t<li class=\"elementor-icon-list-item\">\n\t\t\t\t\t\t\t\t\t\t\t<a href=\"https:\/\/silminiberica.com\/index.php\/productos\/arenas-de-slice\/\">\n\n\t\t\t\t\t\t\t\t\t\t\t\t<span class=\"elementor-icon-list-icon\">\n\t\t\t\t\t\t\t<i aria-hidden=\"true\" class=\"mdi mdi-call-made\"><\/i>\t\t\t\t\t\t<\/span>\n\t\t\t\t\t\t\t\t\t\t<span class=\"elementor-icon-list-text\">silica sand<\/span>\n\t\t\t\t\t\t\t\t\t\t\t<\/a>\n\t\t\t\t\t\t\t\t\t<\/li>\n\t\t\t\t\t\t<\/ul>\n\t\t\t\t\t\t<\/div>\n\t\t\t\t<\/div>\n\t\t\t\t<div class=\"elementor-element elementor-element-521753cc elementor-align-start elementor-icon-list--layout-traditional elementor-list-item-link-full_width elementor-widget elementor-widget-icon-list\" data-id=\"521753cc\" data-element_type=\"widget\" data-e-type=\"widget\" data-widget_type=\"icon-list.default\">\n\t\t\t\t<div class=\"elementor-widget-container\">\n\t\t\t\t\t\t\t<ul class=\"elementor-icon-list-items\">\n\t\t\t\t\t\t\t<li class=\"elementor-icon-list-item\">\n\t\t\t\t\t\t\t\t\t\t\t<a href=\"https:\/\/silminiberica.com\/index.php\/productos\/gravas-siliceas-calibradas\/\">\n\n\t\t\t\t\t\t\t\t\t\t\t\t<span class=\"elementor-icon-list-icon\">\n\t\t\t\t\t\t\t<i aria-hidden=\"true\" class=\"mdi mdi-call-made\"><\/i>\t\t\t\t\t\t<\/span>\n\t\t\t\t\t\t\t\t\t\t<span class=\"elementor-icon-list-text\">Calibrated silica gravel<\/span>\n\t\t\t\t\t\t\t\t\t\t\t<\/a>\n\t\t\t\t\t\t\t\t\t<\/li>\n\t\t\t\t\t\t<\/ul>\n\t\t\t\t\t\t<\/div>\n\t\t\t\t<\/div>\n\t\t\t\t<div class=\"elementor-element elementor-element-7933e3e7 elementor-align-start elementor-icon-list--layout-traditional elementor-list-item-link-full_width elementor-widget elementor-widget-icon-list\" data-id=\"7933e3e7\" data-element_type=\"widget\" data-e-type=\"widget\" data-widget_type=\"icon-list.default\">\n\t\t\t\t<div class=\"elementor-widget-container\">\n\t\t\t\t\t\t\t<ul class=\"elementor-icon-list-items\">\n\t\t\t\t\t\t\t<li class=\"elementor-icon-list-item\">\n\t\t\t\t\t\t\t\t\t\t\t<a href=\"https:\/\/silminiberica.com\/index.php\/productos\/cuarzo-micronizado\/\">\n\n\t\t\t\t\t\t\t\t\t\t\t\t<span class=\"elementor-icon-list-icon\">\n\t\t\t\t\t\t\t<i aria-hidden=\"true\" class=\"mdi mdi-call-made\"><\/i>\t\t\t\t\t\t<\/span>\n\t\t\t\t\t\t\t\t\t\t<span class=\"elementor-icon-list-text\">Micronized quartz<\/span>\n\t\t\t\t\t\t\t\t\t\t\t<\/a>\n\t\t\t\t\t\t\t\t\t<\/li>\n\t\t\t\t\t\t<\/ul>\n\t\t\t\t\t\t<\/div>\n\t\t\t\t<\/div>\n\t\t\t\t<div class=\"elementor-element elementor-element-3472553b elementor-align-start elementor-icon-list--layout-traditional elementor-list-item-link-full_width elementor-widget elementor-widget-icon-list\" data-id=\"3472553b\" data-element_type=\"widget\" data-e-type=\"widget\" data-widget_type=\"icon-list.default\">\n\t\t\t\t<div class=\"elementor-widget-container\">\n\t\t\t\t\t\t\t<ul class=\"elementor-icon-list-items\">\n\t\t\t\t\t\t\t<li class=\"elementor-icon-list-item\">\n\t\t\t\t\t\t\t\t\t\t\t<a href=\"https:\/\/silminiberica.com\/index.php\/productos\/tierras-raras-lantanidos\/\">\n\n\t\t\t\t\t\t\t\t\t\t\t\t<span class=\"elementor-icon-list-icon\">\n\t\t\t\t\t\t\t<i aria-hidden=\"true\" class=\"mdi mdi-call-made\"><\/i>\t\t\t\t\t\t<\/span>\n\t\t\t\t\t\t\t\t\t\t<span class=\"elementor-icon-list-text\">Rare earths - Lanthanides<\/span>\n\t\t\t\t\t\t\t\t\t\t\t<\/a>\n\t\t\t\t\t\t\t\t\t<\/li>\n\t\t\t\t\t\t<\/ul>\n\t\t\t\t\t\t<\/div>\n\t\t\t\t<\/div>\n\t\t\t\t<div class=\"elementor-element elementor-element-5c2ae8b8 elementor-align-start elementor-icon-list--layout-traditional elementor-list-item-link-full_width elementor-widget elementor-widget-icon-list\" data-id=\"5c2ae8b8\" data-element_type=\"widget\" data-e-type=\"widget\" data-widget_type=\"icon-list.default\">\n\t\t\t\t<div class=\"elementor-widget-container\">\n\t\t\t\t\t\t\t<ul class=\"elementor-icon-list-items\">\n\t\t\t\t\t\t\t<li class=\"elementor-icon-list-item\">\n\t\t\t\t\t\t\t\t\t\t\t<a href=\"https:\/\/silminiberica.com\/index.php\/productos\/carbonato-calcico-agricola-aplicacion-foliar\/\">\n\n\t\t\t\t\t\t\t\t\t\t\t\t<span class=\"elementor-icon-list-icon\">\n\t\t\t\t\t\t\t<i aria-hidden=\"true\" class=\"mdi mdi-call-made\"><\/i>\t\t\t\t\t\t<\/span>\n\t\t\t\t\t\t\t\t\t\t<span class=\"elementor-icon-list-text\">Micronized calcium carbonate agriculture<\/span>\n\t\t\t\t\t\t\t\t\t\t\t<\/a>\n\t\t\t\t\t\t\t\t\t<\/li>\n\t\t\t\t\t\t<\/ul>\n\t\t\t\t\t\t<\/div>\n\t\t\t\t<\/div>\n\t\t\t\t<div class=\"elementor-element elementor-element-672ce7ba elementor-align-start elementor-icon-list--layout-traditional elementor-list-item-link-full_width elementor-widget elementor-widget-icon-list\" data-id=\"672ce7ba\" data-element_type=\"widget\" data-e-type=\"widget\" data-widget_type=\"icon-list.default\">\n\t\t\t\t<div class=\"elementor-widget-container\">\n\t\t\t\t\t\t\t<ul class=\"elementor-icon-list-items\">\n\t\t\t\t\t\t\t<li class=\"elementor-icon-list-item\">\n\t\t\t\t\t\t\t\t\t\t\t<a href=\"https:\/\/silminiberica.com\/index.php\/minerales\/vidrio-granular-y-polvo-de-vidrio\/\">\n\n\t\t\t\t\t\t\t\t\t\t\t\t<span class=\"elementor-icon-list-icon\">\n\t\t\t\t\t\t\t<i aria-hidden=\"true\" class=\"mdi mdi-call-made\"><\/i>\t\t\t\t\t\t<\/span>\n\t\t\t\t\t\t\t\t\t\t<span class=\"elementor-icon-list-text\">Granular glass and glass powder<\/span>\n\t\t\t\t\t\t\t\t\t\t\t<\/a>\n\t\t\t\t\t\t\t\t\t<\/li>\n\t\t\t\t\t\t<\/ul>\n\t\t\t\t\t\t<\/div>\n\t\t\t\t<\/div>\n\t\t\t\t\t<\/div>\n\t\t<\/div>\n\t\t\t\t<div class=\"elementor-column elementor-col-66 elementor-top-column elementor-element elementor-element-7c57fe15 elementor-invisible\" data-id=\"7c57fe15\" data-element_type=\"column\" data-e-type=\"column\" data-settings=\"{&quot;background_background&quot;:&quot;classic&quot;,&quot;animation&quot;:&quot;fadeInRight&quot;}\">\n\t\t\t<div class=\"elementor-widget-wrap elementor-element-populated\">\n\t\t\t\t\t\t<div class=\"elementor-element elementor-element-3a04d86 elementor-widget elementor-widget-heading\" data-id=\"3a04d86\" data-element_type=\"widget\" data-e-type=\"widget\" data-widget_type=\"heading.default\">\n\t\t\t\t<div class=\"elementor-widget-container\">\n\t\t\t\t\t<p class=\"elementor-heading-title elementor-size-default\">Construction Sands<\/p>\t\t\t\t<\/div>\n\t\t\t\t<\/div>\n\t\t\t\t<div class=\"elementor-element elementor-element-c174f46 elementor-widget elementor-widget-text-editor\" data-id=\"c174f46\" data-element_type=\"widget\" data-e-type=\"widget\" data-widget_type=\"text-editor.default\">\n\t\t\t\t<div class=\"elementor-widget-container\">\n\t\t\t\t\t\t\t\t\t<p>Silmin Ib\u00e9rica distribuye y comercializa arenas y gravas de s\u00edlice calibradas que se utilizan en la fabricaci\u00f3n productos y proyectos para construcci\u00f3n. Nuestras arenas son muy apreciadas por su color, dureza y baja demanda de agua. La variedad de cortes granulom\u00e9tricos hacen que nuestras arenas se utilicen en la fabricaci\u00f3n de diferentes productos industriales para construcci\u00f3n:<\/p><p>&#8211; Cementos<br \/>&#8211; Morteros<br \/>&#8211; Adhesivos<br \/>&#8211; Juntas <br \/>&#8211; Revestimientos de azulejos<br \/>&#8211; Revestimiento de paredes<br \/>&#8211; Revestimiento de fachadas<br \/>satisfacemos la demanda de nuestros clientes en en el tama\u00f1o, color y secado de nuestros productos industriales:\u00a0<br \/>&#8211; Ladrillos de arena de s\u00edlice <br \/>&#8211; Composites <br \/>\u200b- Mobiliario urbano, <br \/>&#8211; Pavimentos <br \/>&#8211; Pavimentos para jardines, <br \/>&#8211; Soleras<br \/>&#8211; Arenas y gravas de s\u00edlice para fracturaci\u00f3n hidr\u00e1ulica<br \/>&#8211; Arenas correctoras <br \/>\u200b- Arenas y gravas para hormig\u00f3n polim\u00e9rico<br \/>&#8211; Fabricaci\u00f3n de morteros y hormigones de ultra alto rendimiento(UHPC)<br \/>&#8211; Vigas pretensadas, <br \/>&#8211; Tuber\u00edas\u00a0 <br \/>&#8211; Material de relleno industrial para diferentes aplicaciones.<br \/>\u200b\u200b- Arenas y gravas de silice para chorreo y limpieza de superficies \u200b<br \/>etc<br \/><br \/>Los elementos constructivos fabricados con nuestras arenas mejoran La compactaci\u00f3n, resistencia y durabilidad \u00a0del producto, asi como la fluidez, reduciendo la segregaci\u00f3n y el burbujeo.la pureza de nuestras arenas es un elemento diferenciador economico ya que se consigue un ahorro en aditivos.<\/p><p>\u00a0Las arenas de Silmin Iberica\u00a0pueden garantizar y\u00a0\u00a0satisfacer plenamente estos mercados gracias a la finura y blancura de sus arenas y a la granulometr\u00eda de los yacimientos que distribuye y comercializa.<\/p><p>To request a technical sheet or more information about our products <strong><a href=\"https:\/\/www.silminiberica.com\/en\/contacto.html\/\" target=\"\">Contact us<\/a>.<\/strong><\/p>\t\t\t\t\t\t\t\t<\/div>\n\t\t\t\t<\/div>\n\t\t\t\t<div class=\"elementor-element elementor-element-6d47aec gallery-spacing-custom elementor-widget elementor-widget-image-gallery\" data-id=\"6d47aec\" data-element_type=\"widget\" data-e-type=\"widget\" data-widget_type=\"image-gallery.default\">\n\t\t\t\t<div class=\"elementor-widget-container\">\n\t\t\t\t\t\t\t<div class=\"elementor-image-gallery\">\n\t\t\t<div id='gallery-1' class='gallery galleryid-821 gallery-columns-3 gallery-size-medium'><figure class='gallery-item'>\n\t\t\t<div class='gallery-icon landscape'>\n\t\t\t\t<a data-elementor-open-lightbox=\"yes\" data-elementor-lightbox-slideshow=\"6d47aec\" data-elementor-lightbox-title=\"arenas-slice-construccion-1\" data-e-action-hash=\"#elementor-action%3Aaction%3Dlightbox%26settings%3DeyJpZCI6OTAxLCJ1cmwiOiJodHRwczpcL1wvd3d3LnNpbG1pbmliZXJpY2EuY29tXC93cC1jb250ZW50XC91cGxvYWRzXC8yMDIzXC8xMVwvYXJlbmFzLXNsaWNlLWNvbnN0cnVjY2lvbi0xLmpwZyIsInNsaWRlc2hvdyI6IjZkNDdhZWMifQ%3D%3D\" href='https:\/\/www.silminiberica.com\/wp-content\/uploads\/2023\/11\/arenas-slice-construccion-1.jpg'><img decoding=\"async\" width=\"200\" height=\"200\" src=\"https:\/\/www.silminiberica.com\/wp-content\/uploads\/2023\/11\/arenas-slice-construccion-1.jpg\" class=\"attachment-medium size-medium\" alt=\"\" srcset=\"https:\/\/www.silminiberica.com\/wp-content\/uploads\/2023\/11\/arenas-slice-construccion-1.jpg 200w, https:\/\/www.silminiberica.com\/wp-content\/uploads\/2023\/11\/arenas-slice-construccion-1-150x150.jpg 150w\" sizes=\"(max-width: 200px) 100vw, 200px\" \/><\/a>\n\t\t\t<\/div><\/figure><figure class='gallery-item'>\n\t\t\t<div class='gallery-icon landscape'>\n\t\t\t\t<a data-elementor-open-lightbox=\"yes\" data-elementor-lightbox-slideshow=\"6d47aec\" data-elementor-lightbox-title=\"arenas-slice-construccion-2\" data-e-action-hash=\"#elementor-action%3Aaction%3Dlightbox%26settings%3DeyJpZCI6OTAyLCJ1cmwiOiJodHRwczpcL1wvd3d3LnNpbG1pbmliZXJpY2EuY29tXC93cC1jb250ZW50XC91cGxvYWRzXC8yMDIzXC8xMVwvYXJlbmFzLXNsaWNlLWNvbnN0cnVjY2lvbi0yLmpwZyIsInNsaWRlc2hvdyI6IjZkNDdhZWMifQ%3D%3D\" href='https:\/\/www.silminiberica.com\/wp-content\/uploads\/2023\/11\/arenas-slice-construccion-2.jpg'><img decoding=\"async\" width=\"200\" height=\"200\" src=\"https:\/\/www.silminiberica.com\/wp-content\/uploads\/2023\/11\/arenas-slice-construccion-2.jpg\" class=\"attachment-medium size-medium\" alt=\"\" srcset=\"https:\/\/www.silminiberica.com\/wp-content\/uploads\/2023\/11\/arenas-slice-construccion-2.jpg 200w, https:\/\/www.silminiberica.com\/wp-content\/uploads\/2023\/11\/arenas-slice-construccion-2-150x150.jpg 150w\" sizes=\"(max-width: 200px) 100vw, 200px\" \/><\/a>\n\t\t\t<\/div><\/figure><figure class='gallery-item'>\n\t\t\t<div class='gallery-icon landscape'>\n\t\t\t\t<a data-elementor-open-lightbox=\"yes\" data-elementor-lightbox-slideshow=\"6d47aec\" data-elementor-lightbox-title=\"arenas-slice-construccion-3\" data-e-action-hash=\"#elementor-action%3Aaction%3Dlightbox%26settings%3DeyJpZCI6ODk5LCJ1cmwiOiJodHRwczpcL1wvd3d3LnNpbG1pbmliZXJpY2EuY29tXC93cC1jb250ZW50XC91cGxvYWRzXC8yMDIzXC8xMVwvYXJlbmFzLXNsaWNlLWNvbnN0cnVjY2lvbi0zLmpwZyIsInNsaWRlc2hvdyI6IjZkNDdhZWMifQ%3D%3D\" href='https:\/\/www.silminiberica.com\/wp-content\/uploads\/2023\/11\/arenas-slice-construccion-3.jpg'><img loading=\"lazy\" decoding=\"async\" width=\"200\" height=\"200\" src=\"https:\/\/www.silminiberica.com\/wp-content\/uploads\/2023\/11\/arenas-slice-construccion-3.jpg\" class=\"attachment-medium size-medium\" alt=\"\" srcset=\"https:\/\/www.silminiberica.com\/wp-content\/uploads\/2023\/11\/arenas-slice-construccion-3.jpg 200w, https:\/\/www.silminiberica.com\/wp-content\/uploads\/2023\/11\/arenas-slice-construccion-3-150x150.jpg 150w\" sizes=\"(max-width: 200px) 100vw, 200px\" \/><\/a>\n\t\t\t<\/div><\/figure>\n\t\t<\/div>\n\t\t<\/div>\n\t\t\t\t\t\t<\/div>\n\t\t\t\t<\/div>\n\t\t\t\t\t<\/div>\n\t\t<\/div>\n\t\t\t\t\t<\/div>\n\t\t<\/section>\n\t\t\t\t<section class=\"elementor-section elementor-top-section elementor-element elementor-element-7f6c54cc elementor-section-boxed elementor-section-height-default elementor-section-height-default\" data-id=\"7f6c54cc\" data-element_type=\"section\" data-e-type=\"section\" data-settings=\"{&quot;background_background&quot;:&quot;classic&quot;}\">\n\t\t\t\t\t\t\t<div class=\"elementor-background-overlay\"><\/div>\n\t\t\t\t\t\t\t<div class=\"elementor-container elementor-column-gap-default\">\n\t\t\t\t\t<div class=\"elementor-column elementor-col-50 elementor-top-column elementor-element elementor-element-1b8008b7 elementor-invisible\" data-id=\"1b8008b7\" data-element_type=\"column\" data-e-type=\"column\" data-settings=\"{&quot;animation&quot;:&quot;bounceInRight&quot;}\">\n\t\t\t<div class=\"elementor-widget-wrap elementor-element-populated\">\n\t\t\t\t\t\t<div class=\"elementor-element elementor-element-68a84fc3 elementor-widget elementor-widget-heading\" data-id=\"68a84fc3\" data-element_type=\"widget\" data-e-type=\"widget\" data-widget_type=\"heading.default\">\n\t\t\t\t<div class=\"elementor-widget-container\">\n\t\t\t\t\t<h2 class=\"elementor-heading-title elementor-size-default\">Trust Silmin Ib\u00e9rica for your industrial mineral needs<\/h2>\t\t\t\t<\/div>\n\t\t\t\t<\/div>\n\t\t\t\t<div class=\"elementor-element elementor-element-25b7a9ec elementor-widget elementor-widget-text-editor\" data-id=\"25b7a9ec\" data-element_type=\"widget\" data-e-type=\"widget\" data-widget_type=\"text-editor.default\">\n\t\t\t\t<div class=\"elementor-widget-container\">\n\t\t\t\t\t\t\t\t\t<p>Whether you need micronized silica and quartz sands, micaceous iron oxide, red iron oxide, glass powder, granular glass or kaolin for organic farming, Silmin Ib\u00e9rica adapts to your needs<\/p>\t\t\t\t\t\t\t\t<\/div>\n\t\t\t\t<\/div>\n\t\t\t\t<div class=\"elementor-element elementor-element-a3cf1aa elementor-invisible elementor-widget elementor-widget-button\" data-id=\"a3cf1aa\" data-element_type=\"widget\" data-e-type=\"widget\" data-settings=\"{&quot;_animation&quot;:&quot;bounceIn&quot;}\" data-widget_type=\"button.default\">\n\t\t\t\t<div class=\"elementor-widget-container\">\n\t\t\t\t\t\t\t\t\t<div class=\"elementor-button-wrapper\">\n\t\t\t\t\t<a class=\"elementor-button elementor-button-link elementor-size-lg\" href=\"https:\/\/www.silminiberica.com\/en\/contacto\/\">\n\t\t\t\t\t\t<span class=\"elementor-button-content-wrapper\">\n\t\t\t\t\t\t\t\t\t<span class=\"elementor-button-text\">Contact<\/span>\n\t\t\t\t\t<\/span>\n\t\t\t\t\t<\/a>\n\t\t\t\t<\/div>\n\t\t\t\t\t\t\t\t<\/div>\n\t\t\t\t<\/div>\n\t\t\t\t\t<\/div>\n\t\t<\/div>\n\t\t\t\t<div class=\"elementor-column elementor-col-50 elementor-top-column elementor-element elementor-element-64a84b77 elementor-invisible\" data-id=\"64a84b77\" data-element_type=\"column\" data-e-type=\"column\" data-settings=\"{&quot;animation&quot;:&quot;bounceInRight&quot;}\">\n\t\t\t<div class=\"elementor-widget-wrap\">\n\t\t\t\t\t\t\t<\/div>\n\t\t<\/div>\n\t\t\t\t\t<\/div>\n\t\t<\/section>\n\t\t\t\t<\/div>","protected":false},"excerpt":{"rendered":"<p>Productos Productos Arenas de slice Gravas s\u00edliceas calibradas Cuarzo micronizado Tierras raras &#8211; Lantanidos Carbonato calcico micronizado agricultura Vidrio granular y polvo de vidrio Silmin Ib\u00e9rica distribuye y comercializa arenas y gravas de s\u00edlice calibradas que se utilizan en la fabricaci\u00f3n productos y proyectos para construcci\u00f3n. Nuestras arenas son muy apreciadas por su color, dureza [&hellip;]<\/p>\n","protected":false},"author":1,"featured_media":900,"parent":0,"menu_order":0,"comment_status":"closed","ping_status":"closed","template":"elementor_header_footer","meta":{"footnotes":""},"class_list":["post-821","page","type-page","status-publish","has-post-thumbnail","hentry"],"_links":{"self":[{"href":"https:\/\/www.silminiberica.com\/en\/wp-json\/wp\/v2\/pages\/821","targetHints":{"allow":["GET"]}}],"collection":[{"href":"https:\/\/www.silminiberica.com\/en\/wp-json\/wp\/v2\/pages"}],"about":[{"href":"https:\/\/www.silminiberica.com\/en\/wp-json\/wp\/v2\/types\/page"}],"author":[{"embeddable":true,"href":"https:\/\/www.silminiberica.com\/en\/wp-json\/wp\/v2\/users\/1"}],"replies":[{"embeddable":true,"href":"https:\/\/www.silminiberica.com\/en\/wp-json\/wp\/v2\/comments?post=821"}],"version-history":[{"count":5,"href":"https:\/\/www.silminiberica.com\/en\/wp-json\/wp\/v2\/pages\/821\/revisions"}],"predecessor-version":[{"id":905,"href":"https:\/\/www.silminiberica.com\/en\/wp-json\/wp\/v2\/pages\/821\/revisions\/905"}],"wp:featuredmedia":[{"embeddable":true,"href":"https:\/\/www.silminiberica.com\/en\/wp-json\/wp\/v2\/media\/900"}],"wp:attachment":[{"href":"https:\/\/www.silminiberica.com\/en\/wp-json\/wp\/v2\/media?parent=821"}],"curies":[{"name":"wp","href":"https:\/\/api.w.org\/{rel}","templated":true}]}}